{"id":458,"date":"2014-04-04T09:12:27","date_gmt":"2014-04-04T09:12:27","guid":{"rendered":"http:\/\/textberg.ch\/site\/?page_id=458"},"modified":"2014-04-09T18:30:04","modified_gmt":"2014-04-09T18:30:04","slug":"sac-kokos","status":"publish","type":"page","link":"http:\/\/textberg.ch\/site\/de\/publikationen\/sac-kokos\/","title":{"rendered":"SAC-Kokos"},"content":{"rendered":"<p><strong>Am 17. M\u00e4rz 2014 berichtete die <a href=\"http:\/\/www.nzz.ch\" target=\"_blank\">NZZ<\/a> (Neue Z\u00fcrcher Zeitung) \u00fcber unser Partnerprojekt SAC-Kokos:<\/strong><\/p>\n<p>&nbsp;<\/p>\n<p><a href=\"http:\/\/textberg.ch\/site\/wp-content\/uploads\/2014\/04\/nzz_kokos.jpeg\"><img loading=\"lazy\" decoding=\"async\" class=\"aligncenter\" alt=\"nzz_kokos\" src=\"http:\/\/textberg.ch\/site\/wp-content\/uploads\/2014\/04\/nzz_kokos.jpeg\" width=\"400\" height=\"452\" \/><\/a><\/p>\n<p>&nbsp;<\/p>\n<p style=\"text-align: right;\"><a title=\"Publikationen \/ Publications\" href=\"http:\/\/textberg.ch\/site\/de\/publikationen\/\">zur\u00fcck zu Publikationen<\/a>\u00a0\/\u00a0<a title=\"News DE\" href=\"http:\/\/textberg.ch\/site\/de\/news-de\/\">zur\u00fcck zu News<\/a><\/p>\n<p><strong>\u00a0<\/strong><\/p>\n","protected":false},"excerpt":{"rendered":"<p>Am 17. M\u00e4rz 2014 berichtete die NZZ (Neue Z\u00fcrcher Zeitung) \u00fcber unser Partnerprojekt SAC-Kokos: &nbsp; &nbsp; zur\u00fcck zu Publikationen\u00a0\/\u00a0zur\u00fcck zu News \u00a0<\/p>\n","protected":false},"author":2,"featured_media":0,"parent":113,"menu_order":0,"comment_status":"closed","ping_status":"closed","template":"","meta":{"footnotes":""},"class_list":["post-458","page","type-page","status-publish","hentry"],"_links":{"self":[{"href":"http:\/\/textberg.ch\/site\/wp-json\/wp\/v2\/pages\/458","targetHints":{"allow":["GET"]}}],"collection":[{"href":"http:\/\/textberg.ch\/site\/wp-json\/wp\/v2\/pages"}],"about":[{"href":"http:\/\/textberg.ch\/site\/wp-json\/wp\/v2\/types\/page"}],"author":[{"embeddable":true,"href":"http:\/\/textberg.ch\/site\/wp-json\/wp\/v2\/users\/2"}],"replies":[{"embeddable":true,"href":"http:\/\/textberg.ch\/site\/wp-json\/wp\/v2\/comments?post=458"}],"version-history":[{"count":16,"href":"http:\/\/textberg.ch\/site\/wp-json\/wp\/v2\/pages\/458\/revisions"}],"predecessor-version":[{"id":579,"href":"http:\/\/textberg.ch\/site\/wp-json\/wp\/v2\/pages\/458\/revisions\/579"}],"up":[{"embeddable":true,"href":"http:\/\/textberg.ch\/site\/wp-json\/wp\/v2\/pages\/113"}],"wp:attachment":[{"href":"http:\/\/textberg.ch\/site\/wp-json\/wp\/v2\/media?parent=458"}],"curies":[{"name":"wp","href":"https:\/\/api.w.org\/{rel}","templated":true}]}}