{"id":99,"date":"2014-03-12T23:43:40","date_gmt":"2014-03-12T23:43:40","guid":{"rendered":"http:\/\/textberg.ch\/site\/?page_id=99"},"modified":"2025-06-18T07:35:25","modified_gmt":"2025-06-18T07:35:25","slug":"corpora","status":"publish","type":"page","link":"http:\/\/textberg.ch\/site\/en\/corpora\/","title":{"rendered":"Text+Berg Corpora"},"content":{"rendered":"<h3>Access Modalities<\/h3>\n<h4>(1) Access via website of the Swiss Alpine Club<\/h4>\n<p>Please use the search engine of the SAC website to get access to the yearbooks and the current issues of the journal &#8222;Die Alpen&#8220;:\u00a0<a href=\"http:\/\/alpen.sac-cas.ch\/de\/zeitschrift\/suche\/suche-in-die-alpen\/\">http:\/\/alpen.sac-cas.ch\/de\/zeitschrift\/suche\/suche-in-die-alpen\/<\/a><\/p>\n<h4>(2) Access via Deutsches Textarchiv DTA<\/h4>\n<p>The text collection platform &#8222;Deutsches Textarchiv DTA&#8220; offers access to the data in various formats: <a href=\"http:\/\/www.deutschestextarchiv.de\/news\/67\">http:\/\/www.deutschestextarchiv.de\/news\/67<\/a><\/p>\n<h4>(3) Access to the corpus for linguistic research<\/h4>\n<p>The access to the online corpus is intended for\u00a0<b>research purposes<\/b>. The online corpus is no book archive. It is\u00a0<b>not possible<\/b> to display entire articles but only excerpts from texts. You have however all common corpus linguistics tools at your disposal to investigate the corpus: full text search, Part-of-Speech tags, collocations, etc.<\/p>\n<ul>\n<li><a href=\"https:\/\/lcp.linguistik.uzh.ch\/\">https:\/\/lcp.linguistik.uzh.ch\/<\/a><\/li>\n<\/ul>\n<p>The current versions of the corpora can be investigated online.<\/p>\n<div>\n<p>The corpus must be used for scientific purposes only. Commercial use is prohibited. The origin of the data always has to be cited (<a title=\"Text+Berg digital \u2013 Text+Mountain digital\" href=\"http:\/\/textberg.ch\/site\/en\/welcome\/\">www.textberg.ch\/site<\/a>). We propose the following citation:<\/p>\n<p>Bubenhofer, Noah \/ Volk, Martin \/ Leuenberger, Fabienne \/ W\u00fcest, Daniel\u00a0(Hrsg.): Text+Berg-Korpus (Release 151v01).\u00a0Digitale Edition des Jahrbuch des SAC 1864-1923, Echo des Alpes 1872-1924, Die Alpen, Les Alpes, Le Alpi 1925-2014, The Alpine Journal 1969-2008: Institut f\u00fcr Computerlinguistik, Universit\u00e4t Z\u00fcrich, 2015.<\/p>\n<pre>Release 151 v01:\n\n@MISC{TextBerg_Release_151_v01_2015,\n editor = {Noah Bubenhofer and Martin Volk and Fabienne Leuenberger and Daniel W\u00fcest},\n year = 2015,\n title = {{Text+Berg}-Korpus (Release 151_v01)},\n note = {Digitale Edition des Jahrbuch des SAC 1864-1923, Echo des Alpes 1872-1924, Die Alpen, Les Alpes, Le Alpi 1925-2014, The Alpine Journal 1969-2008},\n howpublished = {XML-Format},\n school = {Institut f\u00fcr Computerlinguistik, Universit\u00e4t Z\u00fcrich}\n}\n\nRelease 147 v03:\n\n@MISC{TextBerg_Release_147_v03_2013,\n  editor = {Noah Bubenhofer and Martin Volk and David Klaper and Manuela Weibel and Daniel W\u00fcest},\n  year = 2013,\n  title = {{Text+Berg}-Korpus (Release 147_v03)},\n  note = {Digitale Edition des Jahrbuch des SAC 1864-1923, Echo des Alpes 1872-1924 und Die Alpen 1925-2011},\n  howpublished = {XML-Format},\n  school = {Institut f\u00fcr Computerlinguistik, Universit\u00e4t Z\u00fcrich}\n}<\/pre>\n<\/div>\n<h4>Published Releases of the Corpora<\/h4>\n<ul>\n<li>Text+Berg-Korpus, Release 151, v01, 11. April 2015: SAC (Jahrbuch des SAC, Alpen) \u2013 1864-2014, Echo des Alpes \u2013 1872-1924, Alpine Journal \u2013 1969-2008;\u00a0<a href=\"http:\/\/www.textberg.ch\/ReleaseNotes\/README_Release_151_v01.htm\">Release Notes<\/a>,\u00a0<a href=\"http:\/\/www.textberg.ch\/ReleaseNotes\/README_Changes_Release_151_v01.html\">Changes<\/a><\/li>\n<\/ul>\n<div>\n<ul>\n<li>Echo des Alpes,\u00a0<a href=\"https:\/\/textberg.ch\/ReleaseNotes\/README_Release_147_v03.htm\" target=\"_blank\" rel=\"noopener noreferrer\">Release EdA v03, August, 26, 2013<\/a>\u00a0(<a href=\"https:\/\/textberg.ch\/ReleaseNotes\/README_Changes_Release_147_v03.html\" target=\"_blank\" rel=\"noopener noreferrer\">Changes<\/a>): Volumes \u00a0of the years 1872 to 1924.<\/li>\n<li>SAC-Jahrbuch and &#8222;Alpen&#8220;,\u00a0<a href=\"https:\/\/textberg.ch\/ReleaseNotes\/README_Release_147_v03.htm\" target=\"_blank\" rel=\"noopener noreferrer\">Release_145 v03, August, 26, 2013<\/a>\u00a0(<a href=\"https:\/\/textberg.ch\/ReleaseNotes\/README_Changes_Release_147_v03.html\" target=\"_blank\" rel=\"noopener noreferrer\">Changes<\/a>): Volumes of the years 1864 to 2011.<\/li>\n<li>Echo des Alpes,\u00a0<a href=\"https:\/\/textberg.ch\/ReleaseNotes\/README_EdA_Release_v01.htm\" target=\"_blank\" rel=\"noopener noreferrer\">Release EdA v01, July 29, 2011<\/a>: Volumes of the years 1872 to 1924.<\/li>\n<li>SAC-Jahrbuch and &#8222;Alpen&#8220;,\u00a0<a href=\"https:\/\/textberg.ch\/ReleaseNotes\/README_Release_145_v02.htm\" target=\"_blank\" rel=\"noopener noreferrer\">Release_145 v02, October 29, 2011<\/a>: Volumes of the years 1864 to 2009.<\/li>\n<li>SAC-Jahrbuch and &#8222;Alpen&#8220;,\u00a0<a href=\"https:\/\/textberg.ch\/ReleaseNotes\/README_Release_145_Draft.htm\" target=\"_blank\" rel=\"noopener noreferrer\">Release_145, March 16, 2011<\/a>: Volumes of the years 1864 to 2009.<\/li>\n<li>SAC-Jahrbuch and &#8222;Alpen&#8220;,\u00a0<a href=\"https:\/\/textberg.ch\/ReleaseNotes\/README_Release_131.htm\" target=\"_blank\" rel=\"noopener noreferrer\">Release_131, September 2, 2010<\/a>: Volumes of the years 1864 to 1995.<\/li>\n<li>SAC-Jahrbuch and &#8222;Alpen&#8220;, Release_118+, May 14, 2010.<\/li>\n<li>SAC-Jahrbuch and &#8222;Alpen&#8220;, Release_118, March 12, 2010.<\/li>\n<li>SAC-Jahrbuch and &#8222;Alpen&#8220;, Release_100, December 10, 2009.<\/li>\n<li>SAC-Jahrbuch and &#8222;Alpen&#8220;, Release_50, September 9, 2009.<\/li>\n<\/ul>\n<\/div>\n","protected":false},"excerpt":{"rendered":"<p>Access Modalities (1) Access via website of the Swiss Alpine Club Please use the search engine of the SAC website to get access to the yearbooks and the current issues of the journal &#8222;Die Alpen&#8220;:\u00a0http:\/\/alpen.sac-cas.ch\/de\/zeitschrift\/suche\/suche-in-die-alpen\/ (2) Access via Deutsches Textarchiv DTA The text collection platform &#8222;Deutsches Textarchiv DTA&#8220; offers access to the data in various [&hellip;]<\/p>\n","protected":false},"author":2,"featured_media":0,"parent":0,"menu_order":2,"comment_status":"closed","ping_status":"closed","template":"","meta":{"footnotes":""},"class_list":["post-99","page","type-page","status-publish","hentry"],"_links":{"self":[{"href":"http:\/\/textberg.ch\/site\/wp-json\/wp\/v2\/pages\/99","targetHints":{"allow":["GET"]}}],"collection":[{"href":"http:\/\/textberg.ch\/site\/wp-json\/wp\/v2\/pages"}],"about":[{"href":"http:\/\/textberg.ch\/site\/wp-json\/wp\/v2\/types\/page"}],"author":[{"embeddable":true,"href":"http:\/\/textberg.ch\/site\/wp-json\/wp\/v2\/users\/2"}],"replies":[{"embeddable":true,"href":"http:\/\/textberg.ch\/site\/wp-json\/wp\/v2\/comments?post=99"}],"version-history":[{"count":21,"href":"http:\/\/textberg.ch\/site\/wp-json\/wp\/v2\/pages\/99\/revisions"}],"predecessor-version":[{"id":785,"href":"http:\/\/textberg.ch\/site\/wp-json\/wp\/v2\/pages\/99\/revisions\/785"}],"wp:attachment":[{"href":"http:\/\/textberg.ch\/site\/wp-json\/wp\/v2\/media?parent=99"}],"curies":[{"name":"wp","href":"https:\/\/api.w.org\/{rel}","templated":true}]}}