{"id":107,"date":"2014-03-12T23:45:06","date_gmt":"2014-03-12T23:45:06","guid":{"rendered":"http:\/\/textberg.ch\/site\/?page_id=107"},"modified":"2017-01-23T10:26:24","modified_gmt":"2017-01-23T10:26:24","slug":"collaborateurs","status":"publish","type":"page","link":"https:\/\/textberg.ch\/site\/fr\/collaborateurs\/","title":{"rendered":"Collaborateurs"},"content":{"rendered":"<p>Le projet a \u00e9t\u00e9 lanc\u00e9 par\u00a0<a href=\"http:\/\/www.bubenhofer.com\/\" target=\"_blank\">Dr.\u00a0Noah Bubenhofer<\/a>\u00a0et \u00a0<a href=\"http:\/\/www.cl.uzh.ch\/people\/team\/volk.html\" target=\"_blank\">Prof. Dr. Martin Volk<\/a>\u00a0(<a href=\"http:\/\/www.cl.uzh.ch\/\" target=\"_blank\">Institut f\u00fcr Computerlinguistik<\/a>, Universit\u00e9 de Zurich)\u00a0qui le dirigent\u00a0actuellement.<\/p>\n<p><strong>Direction du projet<\/strong><\/p>\n<table border=\"0\">\n<tbody>\n<tr>\n<td><img loading=\"lazy\" decoding=\"async\" class=\"alignnone wp-image-712\" src=\"http:\/\/textberg.ch\/site\/wp-content\/uploads\/2014\/03\/NoahBubenhofer-v170175.png\" width=\"164\" height=\"169\" \/><\/td>\n<td><img loading=\"lazy\" decoding=\"async\" class=\"alignnone size-full wp-image-496\" src=\"http:\/\/textberg.ch\/site\/wp-content\/uploads\/2014\/04\/martin-klein-e1396771016865.jpg\" alt=\"martin-volk\" width=\"135\" height=\"169\" \/><\/td>\n<\/tr>\n<tr>\n<td><a href=\"http:\/\/www.bubenhofer.com\/\" target=\"_blank\">Noah Bubenhofer<\/a><\/td>\n<td><a href=\"http:\/\/www.cl.uzh.ch\/people\/team\/volk.html\" target=\"_blank\">Martin Volk<\/a><\/td>\n<\/tr>\n<\/tbody>\n<\/table>\n<p><strong>Contact<\/strong><\/p>\n<p>Universit\u00e4t Z\u00fcrich<br \/>\nInstitut f\u00fcr Computerlinguistik<br \/>\nProjekt Text+Berg digital<br \/>\nz.H. Martin Volk<br \/>\nAndreasstr. 15<br \/>\nCH-8050 Z\u00fcrich<br \/>\n<a href=\"mailto:info@textberg.ch\">info [at] textberg.ch<\/a><\/p>\n<div id=\"attachment_500\" style=\"width: 640px\" class=\"wp-caption alignnone\"><a href=\"http:\/\/textberg.ch\/site\/wp-content\/uploads\/2014\/04\/textbergteam.jpg\"><img loading=\"lazy\" decoding=\"async\" aria-describedby=\"caption-attachment-500\" class=\" wp-image-500 \" src=\"http:\/\/textberg.ch\/site\/wp-content\/uploads\/2014\/04\/textbergteam.jpg\" alt=\"Une partie de l'\u00e9quipe du projet\" width=\"630\" height=\"292\" srcset=\"https:\/\/textberg.ch\/site\/wp-content\/uploads\/2014\/04\/textbergteam.jpg 700w, https:\/\/textberg.ch\/site\/wp-content\/uploads\/2014\/04\/textbergteam-300x138.jpg 300w, https:\/\/textberg.ch\/site\/wp-content\/uploads\/2014\/04\/textbergteam-624x288.jpg 624w\" sizes=\"auto, (max-width: 630px) 100vw, 630px\" \/><\/a><p id=\"caption-attachment-500\" class=\"wp-caption-text\">Une partie de l&#8217;\u00e9quipe du projet<\/p><\/div>\n<p>&nbsp;<\/p>\n<h4>Collaborateurs et collaboratrices (courant et ancien)<\/h4>\n<ul>\n<li>Etienne Ailloud<\/li>\n<li>Adrian Althaus<\/li>\n<li>Sara B\u00e4rtschi<\/li>\n<li>Maya Bangerter<\/li>\n<li>Adrian Beer<\/li>\n<li>Andrea Bizetti<\/li>\n<li>Marcel B\u00fchler<\/li>\n<li>Alena Ciulla<\/li>\n<li>Lenz Furrer<\/li>\n<li>Pierpaolo Frasa<\/li>\n<li>Anne G\u00f6hring<\/li>\n<li>Reto Gubelmann<\/li>\n<li>Alexandra Hartmann<\/li>\n<li>Stefanie Herzig<\/li>\n<li>Flavian Imlig<\/li>\n<li>Silvan Jegen<\/li>\n<li>Magdalena Jitca<\/li>\n<li>St\u00e9phanie Lehner<\/li>\n<li>Fabienne Leuenberger<\/li>\n<li>Torsten Marek<\/li>\n<li>Nicole Michel<\/li>\n<li>Stephanie Odok<\/li>\n<li>Marcel Riedener<\/li>\n<li>Beni Ruef<\/li>\n<li>Patricia Scheurer<\/li>\n<li>Rico Sennrich<\/li>\n<li>Philip Str\u00f6bel<\/li>\n<li>Silvan Tarnutzer<\/li>\n<li>Ada Wan<\/li>\n<li>Martin Warin<\/li>\n<li>Manuela Weibel<\/li>\n<li>Daniel W\u00fcest<\/li>\n<\/ul>\n","protected":false},"excerpt":{"rendered":"<p>Le projet a \u00e9t\u00e9 lanc\u00e9 par\u00a0Dr.\u00a0Noah Bubenhofer\u00a0et \u00a0Prof. Dr. Martin Volk\u00a0(Institut f\u00fcr Computerlinguistik, Universit\u00e9 de Zurich)\u00a0qui le dirigent\u00a0actuellement. Direction du projet Noah Bubenhofer Martin Volk Contact Universit\u00e4t Z\u00fcrich Institut f\u00fcr Computerlinguistik Projekt Text+Berg digital z.H. Martin Volk Andreasstr. 15 CH-8050 Z\u00fcrich info [at] textberg.ch &nbsp; Collaborateurs et collaboratrices (courant et ancien) Etienne Ailloud Adrian Althaus [&hellip;]<\/p>\n","protected":false},"author":2,"featured_media":0,"parent":0,"menu_order":3,"comment_status":"closed","ping_status":"closed","template":"","meta":{"footnotes":""},"class_list":["post-107","page","type-page","status-publish","hentry"],"_links":{"self":[{"href":"https:\/\/textberg.ch\/site\/wp-json\/wp\/v2\/pages\/107","targetHints":{"allow":["GET"]}}],"collection":[{"href":"https:\/\/textberg.ch\/site\/wp-json\/wp\/v2\/pages"}],"about":[{"href":"https:\/\/textberg.ch\/site\/wp-json\/wp\/v2\/types\/page"}],"author":[{"embeddable":true,"href":"https:\/\/textberg.ch\/site\/wp-json\/wp\/v2\/users\/2"}],"replies":[{"embeddable":true,"href":"https:\/\/textberg.ch\/site\/wp-json\/wp\/v2\/comments?post=107"}],"version-history":[{"count":14,"href":"https:\/\/textberg.ch\/site\/wp-json\/wp\/v2\/pages\/107\/revisions"}],"predecessor-version":[{"id":718,"href":"https:\/\/textberg.ch\/site\/wp-json\/wp\/v2\/pages\/107\/revisions\/718"}],"wp:attachment":[{"href":"https:\/\/textberg.ch\/site\/wp-json\/wp\/v2\/media?parent=107"}],"curies":[{"name":"wp","href":"https:\/\/api.w.org\/{rel}","templated":true}]}}