{"id":28,"date":"2014-03-05T15:12:29","date_gmt":"2014-03-05T15:12:29","guid":{"rendered":"http:\/\/textberg.ch\/site\/?page_id=28"},"modified":"2020-05-26T08:51:33","modified_gmt":"2020-05-26T08:51:33","slug":"projekt","status":"publish","type":"page","link":"https:\/\/textberg.ch\/site\/de\/projekt\/","title":{"rendered":"Projekt"},"content":{"rendered":"<p>Im Projekt &#8222;Text+Berg digital&#8220; wurden zwei Publikationsreihen des Schweizer Alpen-Clubs (SAC), die seit 1864 erschienen sind, digital erfasst und korpuslinguistisch aufbereitet.<\/p>\n<p>Die beiden Reihen, das &#8222;Jahrbuch des S.A.C.&#8220; (1864\u20131923) und die &#8222;Alpen&#8220; (1925\u2013heute), sind eine wertvolle Sammlung von Berichten, Aufs\u00e4tzen und Reflexionen \u00fcber den Alpinismus. Durch die zeitliche Kontinuit\u00e4t, in der die Reihen erschienen sind, stellen sie eine einzigartige Textbasis dar, um historische, kulturwissenschaftliche aber gerade auch sprachwissenschaftliche Fragestellungen zu beantworten.<\/p>\n<p>Die Chance einer durchg\u00e4ngigen digitalen Aufbereitung liegt in den Analysemethoden, die dadurch auf die Daten angewandt werden k\u00f6nnen. Es wird einerseits m\u00f6glich, die Texte quantitativ auszuwerten und so musterhafte Strukturen der Sprache sowie typische Inhalte, Denkfiguren, Topoi etc. zu finden, andererseits einen raschen und unkomplizierten Zugang zu den Texten und Bildern f\u00fcr die qualitative Analyse anbieten zu k\u00f6nnen.<\/p>\n<p>Das Projekt wurde von <a href=\"http:\/\/www.bubenhofer.com\/\" target=\"_blank\" rel=\"noopener noreferrer\">Noah Bubenhofer<\/a>\u00a0(<a href=\"http:\/\/www.ds.uzh.ch\/\">Deutsches Seminar, Universit\u00e4t Zurich<\/a>) und <a href=\"https:\/\/www.cl.uzh.ch\/de\/people\/team\/compling\/volk.html\" target=\"_blank\" rel=\"noopener noreferrer\">Martin Volk<\/a>\u00a0(<a href=\"http:\/\/www.cl.uzh.ch\/\" target=\"_blank\" rel=\"noopener noreferrer\">Institut f\u00fcr Computerlinguistik<\/a>, Universit\u00e4t Z\u00fcrich) initiiert und geleitet. Es wird von Personen aus verschiedenen wissenschaftlichen Fachbereichen <a href=\"http:\/\/textberg.ch\/site\/?p=78\">unterst\u00fctzt<\/a> und erfolgt in Zusammenarbeit mit dem <a href=\"http:\/\/www.sac-cas.ch\" target=\"_blank\" rel=\"noopener noreferrer\">Schweizer Alpen-Club<\/a> (SAC) und dem <a href=\"http:\/\/www.aac.ac.at\" target=\"_blank\" rel=\"noopener noreferrer\">Austrian Academy Corpus<\/a> (AAC).<\/p>\n","protected":false},"excerpt":{"rendered":"<p>Im Projekt &#8222;Text+Berg digital&#8220; wurden zwei Publikationsreihen des Schweizer Alpen-Clubs (SAC), die seit 1864 erschienen sind, digital erfasst und korpuslinguistisch aufbereitet. Die beiden Reihen, das &#8222;Jahrbuch des S.A.C.&#8220; (1864\u20131923) und die &#8222;Alpen&#8220; (1925\u2013heute), sind eine wertvolle Sammlung von Berichten, Aufs\u00e4tzen und Reflexionen \u00fcber den Alpinismus. Durch die zeitliche Kontinuit\u00e4t, in der die Reihen erschienen sind, [&hellip;]<\/p>\n","protected":false},"author":1,"featured_media":0,"parent":0,"menu_order":1,"comment_status":"closed","ping_status":"closed","template":"","meta":{"footnotes":""},"class_list":["post-28","page","type-page","status-publish","hentry"],"_links":{"self":[{"href":"https:\/\/textberg.ch\/site\/wp-json\/wp\/v2\/pages\/28","targetHints":{"allow":["GET"]}}],"collection":[{"href":"https:\/\/textberg.ch\/site\/wp-json\/wp\/v2\/pages"}],"about":[{"href":"https:\/\/textberg.ch\/site\/wp-json\/wp\/v2\/types\/page"}],"author":[{"embeddable":true,"href":"https:\/\/textberg.ch\/site\/wp-json\/wp\/v2\/users\/1"}],"replies":[{"embeddable":true,"href":"https:\/\/textberg.ch\/site\/wp-json\/wp\/v2\/comments?post=28"}],"version-history":[{"count":8,"href":"https:\/\/textberg.ch\/site\/wp-json\/wp\/v2\/pages\/28\/revisions"}],"predecessor-version":[{"id":769,"href":"https:\/\/textberg.ch\/site\/wp-json\/wp\/v2\/pages\/28\/revisions\/769"}],"wp:attachment":[{"href":"https:\/\/textberg.ch\/site\/wp-json\/wp\/v2\/media?parent=28"}],"curies":[{"name":"wp","href":"https:\/\/api.w.org\/{rel}","templated":true}]}}