{"id":5,"date":"2014-03-05T13:38:37","date_gmt":"2014-03-05T13:38:37","guid":{"rendered":"http:\/\/textberg.ch\/site\/?page_id=5"},"modified":"2020-05-26T08:52:01","modified_gmt":"2020-05-26T08:52:01","slug":"willkommen","status":"publish","type":"page","link":"https:\/\/textberg.ch\/site\/de\/willkommen\/","title":{"rendered":"Text+Berg digital"},"content":{"rendered":"<h2>Digitalisierung und korpuslinguistische Erschliessung alpinistischer Literatur<\/h2>\n<p>Text+Berg digital war ein Projekt, welches die seit 1864 publizierten Jahrb\u00fccher des\u00a0<a href=\"http:\/\/www.sac-cas.ch\" target=\"_blank\" rel=\"noopener noreferrer\">Schweizer Alpen-Clubs<\/a>\u00a0(SAC) digitalisierte.\u00a0Die elektronisch erhobenen Dateien sind in Form eines annotierten linguistischen Korpus verf\u00fcgbar.<\/p>\n<div id=\"attachment_47\" style=\"width: 204px\" class=\"wp-caption alignright\"><a href=\"http:\/\/textberg.ch\/site\/wp-content\/uploads\/2014\/03\/DSC_1918_klein-e1394666833284.jpg\"><img loading=\"lazy\" decoding=\"async\" aria-describedby=\"caption-attachment-47\" class=\"wp-image-47  \" src=\"http:\/\/textberg.ch\/site\/wp-content\/uploads\/2014\/03\/DSC_1918_klein-e1394666833284.jpg\" alt=\"Drei B\u00e4nde der Jahrb\u00fccher des SAC.\" width=\"194\" height=\"158\" \/><\/a><p id=\"caption-attachment-47\" class=\"wp-caption-text\">Drei B\u00e4nde der Jahrb\u00fccher des SAC.<\/p><\/div>\n<p>Das Projekt wurde von\u00a0<a href=\"http:\/\/www.bubenhofer.com\" target=\"_blank\" rel=\"noopener noreferrer\">Noah Bubenhofer<\/a>\u00a0(<a href=\"https:\/\/www.ds.uzh.ch\/p\/bubenhofer\">Deutsches Seminar, Universit\u00e4t Z\u00fcrich<\/a>) und\u00a0<a href=\"https:\/\/www.cl.uzh.ch\/de\/people\/team\/compling\/volk.html\" target=\"_blank\" rel=\"noopener noreferrer\">Martin Volk<\/a>\u00a0(<a href=\"http:\/\/www.cl.uzh.ch\" target=\"_blank\" rel=\"noopener noreferrer\">Institut f\u00fcr Computerlinguistik<\/a>, Universit\u00e4t Z\u00fcrich) initiiert und nun geleitet.<\/p>\n<p>Der Zugang zum\u00a0<a title=\"Text+Berg-Korpora\" href=\"http:\/\/textberg.ch\/site\/language\/de\/korpora\/\">Online-Korpus<\/a>\u00a0ist kostenlos.<\/p>\n\n\n<p><\/p>\n","protected":false},"excerpt":{"rendered":"<p>Digitalisierung und korpuslinguistische Erschliessung alpinistischer Literatur Text+Berg digital war ein Projekt, welches die seit 1864 publizierten Jahrb\u00fccher des\u00a0Schweizer Alpen-Clubs\u00a0(SAC) digitalisierte.\u00a0Die elektronisch erhobenen Dateien sind in Form eines annotierten linguistischen Korpus verf\u00fcgbar. Das Projekt wurde von\u00a0Noah Bubenhofer\u00a0(Deutsches Seminar, Universit\u00e4t Z\u00fcrich) und\u00a0Martin Volk\u00a0(Institut f\u00fcr Computerlinguistik, Universit\u00e4t Z\u00fcrich) initiiert und nun geleitet. Der Zugang zum\u00a0Online-Korpus\u00a0ist kostenlos.<\/p>\n","protected":false},"author":1,"featured_media":0,"parent":0,"menu_order":0,"comment_status":"closed","ping_status":"closed","template":"","meta":{"footnotes":""},"class_list":["post-5","page","type-page","status-publish","hentry"],"_links":{"self":[{"href":"https:\/\/textberg.ch\/site\/wp-json\/wp\/v2\/pages\/5","targetHints":{"allow":["GET"]}}],"collection":[{"href":"https:\/\/textberg.ch\/site\/wp-json\/wp\/v2\/pages"}],"about":[{"href":"https:\/\/textberg.ch\/site\/wp-json\/wp\/v2\/types\/page"}],"author":[{"embeddable":true,"href":"https:\/\/textberg.ch\/site\/wp-json\/wp\/v2\/users\/1"}],"replies":[{"embeddable":true,"href":"https:\/\/textberg.ch\/site\/wp-json\/wp\/v2\/comments?post=5"}],"version-history":[{"count":18,"href":"https:\/\/textberg.ch\/site\/wp-json\/wp\/v2\/pages\/5\/revisions"}],"predecessor-version":[{"id":770,"href":"https:\/\/textberg.ch\/site\/wp-json\/wp\/v2\/pages\/5\/revisions\/770"}],"wp:attachment":[{"href":"https:\/\/textberg.ch\/site\/wp-json\/wp\/v2\/media?parent=5"}],"curies":[{"name":"wp","href":"https:\/\/api.w.org\/{rel}","templated":true}]}}