{"id":7,"date":"2014-03-05T13:42:32","date_gmt":"2014-03-05T13:42:32","guid":{"rendered":"http:\/\/textberg.ch\/site\/?page_id=7"},"modified":"2020-05-26T08:52:13","modified_gmt":"2020-05-26T08:52:13","slug":"bienvenue","status":"publish","type":"page","link":"https:\/\/textberg.ch\/site\/fr\/bienvenue\/","title":{"rendered":"Text+Berg digital &#8211; Text+Montagne digital"},"content":{"rendered":"<h2>Digitalisation et mise en valeur d&#8217;un corpus de litt\u00e9rature alpine<\/h2>\n<p>Text+Berg digital \u00e9t\u00e9 un projet de digitalisation des annales du\u00a0<a href=\"http:\/\/www.sac-cas.ch\/fr.html\" target=\"_blank\" rel=\"noopener noreferrer\">Club Alpin Suisse<\/a>\u00a0(CAS) publi\u00e9es d\u00e8s 1864. Les donn\u00e9es \u00e9lectroniques recueillies sont disponibles sous forme de corpus linguistique annot\u00e9.<\/p>\n<div id=\"attachment_47\" style=\"width: 225px\" class=\"wp-caption alignright\"><a href=\"http:\/\/textberg.ch\/site\/wp-content\/uploads\/2014\/03\/DSC_1918_klein-e1394666833284.jpg\"><img loading=\"lazy\" decoding=\"async\" aria-describedby=\"caption-attachment-47\" class=\" wp-image-47 \" src=\"http:\/\/textberg.ch\/site\/wp-content\/uploads\/2014\/03\/DSC_1918_klein-e1394666833284.jpg\" alt=\"Trois volumes des annales du CAS.\" width=\"215\" height=\"176\" \/><\/a><p id=\"caption-attachment-47\" class=\"wp-caption-text\">Trois volumes des annales du CAS<\/p><\/div>\n<div>\n<p>Le projet a \u00e9t\u00e9 lanc\u00e9 par\u00a0<a href=\"http:\/\/www.bubenhofer.com\" target=\"_blank\" rel=\"noopener noreferrer\">Noah Bubenhofer<\/a>\u00a0(<a href=\"https:\/\/www.ds.uzh.ch\/p\/bubenhofer\">Deutsches Seminar, Universit\u00e9 de Zurich<\/a>) et \u00a0<a href=\"https:\/\/www.cl.uzh.ch\/de\/people\/team\/compling\/volk.html\" target=\"_blank\" rel=\"noopener noreferrer\">Martin Volk<\/a>\u00a0(<a href=\"http:\/\/www.cl.uzh.ch\/\" target=\"_blank\" rel=\"noopener noreferrer\">Institut f\u00fcr Computerlinguistik<\/a>, Universit\u00e9 de Zurich).<\/p>\n<p>L&#8217;acc\u00e8s au\u00a0<a title=\"Corpus\" href=\"http:\/\/textberg.ch\/site\/language\/fr\/corpus\/\">corpus en ligne<\/a>\u00a0est gratuit.<\/p>\n<\/div>\n","protected":false},"excerpt":{"rendered":"<p>Digitalisation et mise en valeur d&#8217;un corpus de litt\u00e9rature alpine Text+Berg digital \u00e9t\u00e9 un projet de digitalisation des annales du\u00a0Club Alpin Suisse\u00a0(CAS) publi\u00e9es d\u00e8s 1864. Les donn\u00e9es \u00e9lectroniques recueillies sont disponibles sous forme de corpus linguistique annot\u00e9. Le projet a \u00e9t\u00e9 lanc\u00e9 par\u00a0Noah Bubenhofer\u00a0(Deutsches Seminar, Universit\u00e9 de Zurich) et \u00a0Martin Volk\u00a0(Institut f\u00fcr Computerlinguistik, Universit\u00e9 de [&hellip;]<\/p>\n","protected":false},"author":1,"featured_media":0,"parent":0,"menu_order":0,"comment_status":"closed","ping_status":"closed","template":"","meta":{"footnotes":""},"class_list":["post-7","page","type-page","status-publish","hentry"],"_links":{"self":[{"href":"https:\/\/textberg.ch\/site\/wp-json\/wp\/v2\/pages\/7","targetHints":{"allow":["GET"]}}],"collection":[{"href":"https:\/\/textberg.ch\/site\/wp-json\/wp\/v2\/pages"}],"about":[{"href":"https:\/\/textberg.ch\/site\/wp-json\/wp\/v2\/types\/page"}],"author":[{"embeddable":true,"href":"https:\/\/textberg.ch\/site\/wp-json\/wp\/v2\/users\/1"}],"replies":[{"embeddable":true,"href":"https:\/\/textberg.ch\/site\/wp-json\/wp\/v2\/comments?post=7"}],"version-history":[{"count":17,"href":"https:\/\/textberg.ch\/site\/wp-json\/wp\/v2\/pages\/7\/revisions"}],"predecessor-version":[{"id":771,"href":"https:\/\/textberg.ch\/site\/wp-json\/wp\/v2\/pages\/7\/revisions\/771"}],"wp:attachment":[{"href":"https:\/\/textberg.ch\/site\/wp-json\/wp\/v2\/media?parent=7"}],"curies":[{"name":"wp","href":"https:\/\/api.w.org\/{rel}","templated":true}]}}