{"id":70,"date":"2014-03-12T23:37:33","date_gmt":"2014-03-12T23:37:33","guid":{"rendered":"http:\/\/textberg.ch\/site\/?page_id=70"},"modified":"2020-05-26T08:49:46","modified_gmt":"2020-05-26T08:49:46","slug":"projet","status":"publish","type":"page","link":"https:\/\/textberg.ch\/site\/fr\/projet\/","title":{"rendered":"Projet"},"content":{"rendered":"<p>Dans le cadre du projet &#8222;Text+Berg digital&#8220; (&#8222;Texte+Montagne digital&#8220;), nous avons digitalis\u00e9 les deux s\u00e9ries de publications du Club alpin suisse (CAS), parues sans interruption depuis 1864, et pr\u00e9sentons les donn\u00e9es \u00e9lectroniques ainsi obtenues sous forme d&#8217;un corpus linguistique.<\/p>\n<p>Ces deux s\u00e9ries de publications, &#8222;Jahrbuch des S.A.C.&#8220; (1864-1923) et &#8222;Les Alpes&#8220; (\u00e0 partir de 1925), repr\u00e9sentent une pr\u00e9cieuse collection de rapports, r\u00e9cits, essais et r\u00e9flexions autour du th\u00e8me de l&#8217;alpinisme. Gr\u00e2ce \u00e0 la continuit\u00e9 de leur parution, elles offrent une base textuelle de recherche unique pour r\u00e9pondre \u00e0 des questions d&#8217;\u00e9tudes historiques, culturelles ainsi que linguistiques.<\/p>\n<p>L&#8217;atout d&#8217;une telle digitalisation (compl\u00e8te et continue) r\u00e9side dans les m\u00e9thodes d&#8217;analyse qu&#8217;elle permet d&#8217;appliquer sur l&#8217;ensemble de ces donn\u00e9es. Il est d&#8217;une part possible d&#8217;exploiter les textes de mani\u00e8re quantitative et de trouver de cette fa\u00e7on des structures de langue exemplaires ainsi que des contenus typiques, des figures de pens\u00e9e, des topoi, etc. D&#8217;autre part, il est possible d&#8217;acc\u00e9der rapidement et facilement aux textes et aux images afin d&#8217;en effectuer une analyse qualitative.<\/p>\n<p>Le projet a \u00e9t\u00e9 lanc\u00e9 et dirig\u00e9 par\u00a0<a href=\"http:\/\/www.bubenhofer.com\/\" target=\"_blank\" rel=\"noopener noreferrer\">Noah Bubenhofer<\/a>\u00a0(<a href=\"http:\/\/www.ds.uzh.ch\/\">Deutsches Seminar, Universit\u00e9 de Zurich<\/a>)\u00a0et \u00a0<a href=\"https:\/\/www.cl.uzh.ch\/de\/people\/team\/compling\/volk.html\" target=\"_blank\" rel=\"noopener noreferrer\">Martin Volk<\/a>\u00a0(<a href=\"http:\/\/www.cl.uzh.ch\/\" target=\"_blank\" rel=\"noopener noreferrer\">Institut f\u00fcr Computerlinguistik<\/a>, Universit\u00e9 de Zurich). Le projet r\u00e9sulte d&#8217;une collaboration avec le <a href=\"http:\/\/www.sac-cas.ch\/fr.html\" target=\"_blank\" rel=\"noopener noreferrer\">Club Alpin Suisse<\/a> (CAS) ainsi que l&#8216;<a href=\"http:\/\/www.aac.ac.at\" target=\"_blank\" rel=\"noopener noreferrer\">Austrian Academy Corpus<\/a> (AAC) et est soutenu par diverses personnes de la communaut\u00e9 scientifique.<\/p>\n","protected":false},"excerpt":{"rendered":"<p>Dans le cadre du projet &#8222;Text+Berg digital&#8220; (&#8222;Texte+Montagne digital&#8220;), nous avons digitalis\u00e9 les deux s\u00e9ries de publications du Club alpin suisse (CAS), parues sans interruption depuis 1864, et pr\u00e9sentons les donn\u00e9es \u00e9lectroniques ainsi obtenues sous forme d&#8217;un corpus linguistique. Ces deux s\u00e9ries de publications, &#8222;Jahrbuch des S.A.C.&#8220; (1864-1923) et &#8222;Les Alpes&#8220; (\u00e0 partir de 1925), [&hellip;]<\/p>\n","protected":false},"author":2,"featured_media":0,"parent":0,"menu_order":1,"comment_status":"closed","ping_status":"closed","template":"","meta":{"footnotes":""},"class_list":["post-70","page","type-page","status-publish","hentry"],"_links":{"self":[{"href":"https:\/\/textberg.ch\/site\/wp-json\/wp\/v2\/pages\/70","targetHints":{"allow":["GET"]}}],"collection":[{"href":"https:\/\/textberg.ch\/site\/wp-json\/wp\/v2\/pages"}],"about":[{"href":"https:\/\/textberg.ch\/site\/wp-json\/wp\/v2\/types\/page"}],"author":[{"embeddable":true,"href":"https:\/\/textberg.ch\/site\/wp-json\/wp\/v2\/users\/2"}],"replies":[{"embeddable":true,"href":"https:\/\/textberg.ch\/site\/wp-json\/wp\/v2\/comments?post=70"}],"version-history":[{"count":9,"href":"https:\/\/textberg.ch\/site\/wp-json\/wp\/v2\/pages\/70\/revisions"}],"predecessor-version":[{"id":767,"href":"https:\/\/textberg.ch\/site\/wp-json\/wp\/v2\/pages\/70\/revisions\/767"}],"wp:attachment":[{"href":"https:\/\/textberg.ch\/site\/wp-json\/wp\/v2\/media?parent=70"}],"curies":[{"name":"wp","href":"https:\/\/api.w.org\/{rel}","templated":true}]}}