{"id":76,"date":"2014-03-12T23:38:54","date_gmt":"2014-03-12T23:38:54","guid":{"rendered":"http:\/\/textberg.ch\/site\/?page_id=76"},"modified":"2014-03-23T20:47:10","modified_gmt":"2014-03-23T20:47:10","slug":"forschung","status":"publish","type":"page","link":"https:\/\/textberg.ch\/site\/de\/projekt\/forschung\/","title":{"rendered":"Forschung"},"content":{"rendered":"<p>Das &#8222;Jahrbuch des S.A.C&#8220; (1864 erstmals erschienen) und die Monatsschrift &#8222;Alpen&#8220; (ab 1925) sind prim\u00e4r deshalb interessant, weil sie eine Publikationsreihe bilden, die \u00fcber eine Periode von 150 Jahren kontinuierlich erschienen ist. Dabei haben sich die enthaltenen Textsorten nur unwesentlich ver\u00e4ndert und stellen eine vergleichbare Reihe von Texten dar. Mit der Digitalisierung entsteht damit ein sehr homogenes Korpus, an dem Ver\u00e4nderungen des Sprachgebrauchs und damit der darin liegenden Bedeutungsstrukturen leicht ablesbar werden. Das Korpus bietet f\u00fcr mehrere Disziplinen interessantes Ausgangsmaterial f\u00fcr weitere Analysen.<\/p>\n<ul>\n<li style=\"padding-bottom: 15px;\"><b>Sprach- und Kulturwissenschaft:<\/b>\u00a0Von Interesse sind sprachhistorisch Ver\u00e4nderungen des Sprachgebrauchs, fachsprachliche Eigenheiten der Texte und kulturwissenschaftliche Aspekte: Das &#8222;Sprechen&#8220; \u00fcber Berge ist gepr\u00e4gt durch kulturelle, historische oder gesellschaftliche Faktoren und der Sprachgebrauch ist dadurch ein Spiegel dieser Faktoren. Anhand der zeitlichen und \u00f6rtlichen Spezifika des Sprachgebrauchs in alpinistischer Literatur l\u00e4sst sich die aussersprachliche Welt rekonstruieren, die diesen typischen Sprachgebrauch hervorgebracht hat.<\/li>\n<li style=\"padding-bottom: 15px;\"><b>Computerlinguistik:<\/b>\u00a0Das computerlinguistische Interesse am Korpus liegt einerseits in der Aufbereitung des Korpus selber (automatische Wortartenerkennung, Eigennamen\/Ortsnamenerkennung etc.), aber auch in der Analyse der Sprachdaten, etwa um Sprachmodelle zu verfeinern. Da die Publikationen dar\u00fcber hinaus nicht nur deutsche, sondern auch franz\u00f6sische und italienische Texte enthalten, bietet es sich an, ein &#8222;comparable corpus&#8220; f\u00fcr multilinguale Fragestellungen zu erstellen.<\/li>\n<li style=\"padding-bottom: 15px;\"><b>Literaturwissenschaft:<\/b>\u00a0Das Thema der Berge in der Literatur ist ein breit untersuchtes Forschungsgebiet. Deshalb sind Bez\u00fcge zu alpinistischen Gebrauchstexten besonders interessant. Vor einem kulturwissenschaftlichen Hintergrund ergeben sich vielf\u00e4ltige Forschungsfragen (Narrative in alpinistischer Literatur, Topoi der Alpen, Begr\u00fcndungsmuster der Alpinisten f\u00fcr ihr Tun im Kontext der Zeit.<\/li>\n<li style=\"padding-bottom: 15px;\"><b>Geschichtswissenschaft:<\/b>\u00a0Die historische Forschung zum Alpinismus und zur Bedeutung der Bergwelt f\u00fcr den Menschen im Allgemeinen kann durch die Analyse des Korpus erg\u00e4nzt werden.<\/li>\n<li style=\"padding-bottom: 15px;\"><b>Kunstwissenschaft:<\/b>\u00a0Die im Jahrbuch und den &#8222;Alpen&#8220; publizierten Fotografien, Zeichnungen und Gem\u00e4lde nehmen eine wichtige Stellung ein und sind teilweise von hoher k\u00fcnstlerischer Qualit\u00e4t. Neben den Abbildungen finden sich auch immer wieder Reflexionen \u00fcber das &#8222;richtige&#8220; Fotografieren oder Malen in den Bergen.<\/li>\n<li style=\"padding-bottom: 15px;\"><b>Geografie:\u00a0<\/b>Zusammenhang zwischen geografischen Bezeichnungen und Ortspunkten; Quantitative Auswertung von Orten, Flurnamen und Wegen in Verbindung mit evaluierenden Bemerkungen dazu.<\/li>\n<li style=\"padding-bottom: 15px;\"><b>Wirtschaft:<\/b>\u00a0Wirtschaftliche Bedeutung des Alpinismus im Wandel der Zeit.<\/li>\n<li style=\"padding-bottom: 15px;\"><b>Ethik\/Philosophie:\u00a0<\/b>Begr\u00fcndungsmuster f\u00fcr die Nutzung der Alpen.<\/li>\n<li style=\"padding-bottom: 15px;\"><b>Sport:\u00a0<\/b>Entwicklung des Alpinismus zum Bergsport und die gesellschaftliche Verankerung.<\/li>\n<\/ul>\n<p>Die aufgef\u00fchrte Sammlung an Forschungsfragen ist nicht abschliessend und zeigt die vielf\u00e4ltigen Nutzungsm\u00f6glichkeiten. Dabei muss hervorgehoben werden, dass viele dieser Forschungsfragen erst mit der elektronischen Erschliessung des Korpus bearbeitet werden k\u00f6nnen. Denn durch die korpuslinguistische Aufbereitung (Annotation der Daten mit linguistischen Informationen) lassen sich einfach quantitative Auswertungen durchf\u00fchren.<\/p>\n","protected":false},"excerpt":{"rendered":"<p>Das &#8222;Jahrbuch des S.A.C&#8220; (1864 erstmals erschienen) und die Monatsschrift &#8222;Alpen&#8220; (ab 1925) sind prim\u00e4r deshalb interessant, weil sie eine Publikationsreihe bilden, die \u00fcber eine Periode von 150 Jahren kontinuierlich erschienen ist. Dabei haben sich die enthaltenen Textsorten nur unwesentlich ver\u00e4ndert und stellen eine vergleichbare Reihe von Texten dar. Mit der Digitalisierung entsteht damit ein [&hellip;]<\/p>\n","protected":false},"author":2,"featured_media":0,"parent":28,"menu_order":2,"comment_status":"closed","ping_status":"closed","template":"","meta":{"footnotes":""},"class_list":["post-76","page","type-page","status-publish","hentry"],"_links":{"self":[{"href":"https:\/\/textberg.ch\/site\/wp-json\/wp\/v2\/pages\/76","targetHints":{"allow":["GET"]}}],"collection":[{"href":"https:\/\/textberg.ch\/site\/wp-json\/wp\/v2\/pages"}],"about":[{"href":"https:\/\/textberg.ch\/site\/wp-json\/wp\/v2\/types\/page"}],"author":[{"embeddable":true,"href":"https:\/\/textberg.ch\/site\/wp-json\/wp\/v2\/users\/2"}],"replies":[{"embeddable":true,"href":"https:\/\/textberg.ch\/site\/wp-json\/wp\/v2\/comments?post=76"}],"version-history":[{"count":6,"href":"https:\/\/textberg.ch\/site\/wp-json\/wp\/v2\/pages\/76\/revisions"}],"predecessor-version":[{"id":247,"href":"https:\/\/textberg.ch\/site\/wp-json\/wp\/v2\/pages\/76\/revisions\/247"}],"up":[{"embeddable":true,"href":"https:\/\/textberg.ch\/site\/wp-json\/wp\/v2\/pages\/28"}],"wp:attachment":[{"href":"https:\/\/textberg.ch\/site\/wp-json\/wp\/v2\/media?parent=76"}],"curies":[{"name":"wp","href":"https:\/\/api.w.org\/{rel}","templated":true}]}}