{"id":78,"date":"2014-03-12T23:39:23","date_gmt":"2014-03-12T23:39:23","guid":{"rendered":"http:\/\/textberg.ch\/site\/?page_id=78"},"modified":"2014-06-11T19:42:56","modified_gmt":"2014-06-11T19:42:56","slug":"unterstuetzung","status":"publish","type":"page","link":"https:\/\/textberg.ch\/site\/de\/projekt\/unterstuetzung\/","title":{"rendered":"Unterst\u00fctzung"},"content":{"rendered":"<p>Das Projekt erfolgt in Zusammenarbeit mit dem Schweizer Alpen-Club SAC.<\/p>\n<p><a href=\"http:\/\/www.sac-cas.ch\" target=\"_blank\"><img loading=\"lazy\" decoding=\"async\" class=\"alignnone size-full wp-image-51\" src=\"http:\/\/textberg.ch\/site\/wp-content\/uploads\/2014\/03\/sac_logo_d_klein.jpg\" alt=\"sac_logo_d_klein\" width=\"198\" height=\"85\" \/><\/a><\/p>\n<p><strong>Finanzielle Unterst\u00fctzung<\/strong><\/p>\n<p>Das Projekt ben\u00f6tigt finanzielle Ressourcen zur Beschaffung der B\u00fccher, der Hardware und Software f\u00fcr die Digitalisierung, sowie zur Entl\u00f6hnung von Projektmitarbeiterinnen und -mitarbeitern (f\u00fcr Programmierung, Lektorat, Evaluationen u.a.).<\/p>\n<p>Das Projekt wird teilweise aus Mitteln der <a href=\"http:\/\/www.uzh.ch\" target=\"_blank\">Universit\u00e4t Z\u00fcrich<\/a> finanziert.<\/p>\n<h4>Wissenschaftliche Begleitung<\/h4>\n<p>Das Projekt wird von folgenden Personen wissenschaftlich unterst\u00fctzt und begleitet (in alphabetischer Reihenfolge):<\/p>\n<ul>\n<li style=\"padding-bottom: 15px;\"><a href=\"http:\/\/www.deri.ie\/users\/paul-buitelaar\/\" target=\"_blank\">Dr. Paul Buitelaar<\/a>, Unit for Natural Language Processing, DERI, National University of Ireland, Galway<\/li>\n<li style=\"padding-bottom: 15px;\"><a href=\"http:\/\/www.irap.ch\/Team-Personen.3796.0.html\" target=\"_blank\">Prof. Dipl. Arch. ETH Markus Gasser<\/a>, Institut f\u00fcr Raumentwicklung, Rapperswil<\/li>\n<li style=\"padding-bottom: 15px;\"><a href=\"http:\/\/www.geographie.uni-erlangen.de\/pers\/gglasze\/\" target=\"_blank\">Prof. Dr. Georg Glasze<\/a>, Lehrstuhl f\u00fcr Geographie (Kulturgeographie), Friedrich-Alexander Universit\u00e4t Erlangen-N\u00fcrnberg<\/li>\n<li style=\"padding-bottom: 15px;\"><a href=\"http:\/\/www.rose.uzh.ch\/seminar\/personen\/glessgen.html\" target=\"_blank\">Prof. Dr. Martin-Dietrich Glessgen<\/a>, Romanisches Seminar, Universit\u00e4t Z\u00fcrich<\/li>\n<li style=\"padding-bottom: 15px;\"><a href=\"http:\/\/www.cl.uzh.ch\/people\/team\/hess.html\" target=\"_blank\">Prof. Dr. Michael Hess<\/a>, Institut f\u00fcr Computerlinguistik, Universit\u00e4t Z\u00fcrich<\/li>\n<li style=\"padding-bottom: 15px;\"><a href=\"http:\/\/www.ds.uzh.ch\/Institut\/Mitarbeitende\/index.php?detail=82\" target=\"_blank\">Prof. Dr. Angelika Linke<\/a>, Deutsches Seminar, Universit\u00e4t Z\u00fcrich<\/li>\n<li style=\"padding-bottom: 15px;\"><a href=\"http:\/\/www.geog.uni-heidelberg.de\/personen\/anthropo_mattissek.html\" target=\"_blank\">Dr. Annika Mattissek<\/a>, Geographisches Institut, Anthropogeographie, Ruprecht-Karls-Universit\u00e4t Heidelberg<\/li>\n<li style=\"padding-bottom: 15px;\"><a href=\"http:\/\/www.scharloth.com\" target=\"_blank\">Prof. Dr. Joachim Scharloth<\/a>, Deutsches Seminar, Universit\u00e4t Z\u00fcrich\/Universit\u00e4t Freiburg i. Brsg.<\/li>\n<li style=\"padding-bottom: 15px;\"><a href=\"http:\/\/www.rose.uzh.ch\/seminar\/personen\/stark.html\" target=\"_blank\">Prof. Dr. Elisabeth Stark<\/a>, Romanisches Seminar, Universit\u00e4t Z\u00fcrich<\/li>\n<li style=\"padding-bottom: 15px;\"><a href=\"http:\/\/www.zhaw.ch\/fileadmin\/php_includes\/popup\/person-detail.php?kurzz=stoc\" target=\"_blank\">Prof. Dr. Christa Stocker<\/a>, ZHAW Z\u00fcrcher Hochschule f\u00fcr Angewandte Wissenschaften, Departement Angewandte Linguistik<\/li>\n<\/ul>\n<p>&nbsp;<\/p>\n","protected":false},"excerpt":{"rendered":"<p>Das Projekt erfolgt in Zusammenarbeit mit dem Schweizer Alpen-Club SAC. Finanzielle Unterst\u00fctzung Das Projekt ben\u00f6tigt finanzielle Ressourcen zur Beschaffung der B\u00fccher, der Hardware und Software f\u00fcr die Digitalisierung, sowie zur Entl\u00f6hnung von Projektmitarbeiterinnen und -mitarbeitern (f\u00fcr Programmierung, Lektorat, Evaluationen u.a.). Das Projekt wird teilweise aus Mitteln der Universit\u00e4t Z\u00fcrich finanziert. Wissenschaftliche Begleitung Das Projekt wird [&hellip;]<\/p>\n","protected":false},"author":2,"featured_media":0,"parent":28,"menu_order":3,"comment_status":"closed","ping_status":"closed","template":"","meta":{"footnotes":""},"class_list":["post-78","page","type-page","status-publish","hentry"],"_links":{"self":[{"href":"https:\/\/textberg.ch\/site\/wp-json\/wp\/v2\/pages\/78","targetHints":{"allow":["GET"]}}],"collection":[{"href":"https:\/\/textberg.ch\/site\/wp-json\/wp\/v2\/pages"}],"about":[{"href":"https:\/\/textberg.ch\/site\/wp-json\/wp\/v2\/types\/page"}],"author":[{"embeddable":true,"href":"https:\/\/textberg.ch\/site\/wp-json\/wp\/v2\/users\/2"}],"replies":[{"embeddable":true,"href":"https:\/\/textberg.ch\/site\/wp-json\/wp\/v2\/comments?post=78"}],"version-history":[{"count":10,"href":"https:\/\/textberg.ch\/site\/wp-json\/wp\/v2\/pages\/78\/revisions"}],"predecessor-version":[{"id":649,"href":"https:\/\/textberg.ch\/site\/wp-json\/wp\/v2\/pages\/78\/revisions\/649"}],"up":[{"embeddable":true,"href":"https:\/\/textberg.ch\/site\/wp-json\/wp\/v2\/pages\/28"}],"wp:attachment":[{"href":"https:\/\/textberg.ch\/site\/wp-json\/wp\/v2\/media?parent=78"}],"curies":[{"name":"wp","href":"https:\/\/api.w.org\/{rel}","templated":true}]}}